{"id":36,"date":"2020-11-25T17:01:02","date_gmt":"2020-11-25T19:01:02","guid":{"rendered":"https:\/\/temporario.agenciasense.com.br\/projetos\/classe\/?page_id=36"},"modified":"2021-02-10T14:25:01","modified_gmt":"2021-02-10T16:25:01","slug":"empresa","status":"publish","type":"page","link":"https:\/\/www.classelocacao.com.br\/loja\/empresa\/","title":{"rendered":"Empresa"},"content":{"rendered":"\n<p>Fundada em novembro de 2000, com a miss\u00e3o de atender o mercado de loca\u00e7\u00e3o de m\u00f3veis e acess\u00f3rios com excel\u00eancia e promover a inteira satisfa\u00e7\u00e3o dos clientes.Tem como vis\u00e3o futura ser uma empresa moderna, inovadora em constante evolu\u00e7\u00e3o de maneira sustent\u00e1vel. Norteia seus valores centrados na honestidade, \u00e9tica, transpar\u00eancia, respeito e escr\u00fapulo nos neg\u00f3cios.<\/p>\n\n\n\n<p>Neste tempo ganhou experi\u00eancia evoluindo na presta\u00e7\u00e3o de servi\u00e7os sempre com pre\u00e7os justos e com qualidade absoluta.<\/p>\n\n\n\n<p>Nestes anos vem sempre crescendo atendendo centenas de clientes e parceiros de neg\u00f3cios nos mais variados segmentos e isto t\u00eam trazido resultados positivos na prefer\u00eancia e fideliza\u00e7\u00e3o no mercado de loca\u00e7\u00e3o.<\/p>\n\n\n\n<h2 class=\"wp-block-heading\">VIS\u00c3O<\/h2>\n\n\n\n<p>Uma empresa moderna, inovadora, em constante evolu\u00e7\u00e3o de maneira sustent\u00e1vel.<\/p>\n\n\n\n<p>Qualidade, agilidade no atendimento a pre\u00e7os adequados diferenciam a Classe Loca\u00e7\u00e3o de M\u00f3veis.<\/p>\n","protected":false},"excerpt":{"rendered":"<p>Fundada em novembro de 2000, com a miss\u00e3o de atender o mercado de loca\u00e7\u00e3o de m\u00f3veis e acess\u00f3rios com excel\u00eancia<\/p>\n","protected":false},"author":1,"featured_media":0,"parent":0,"menu_order":0,"comment_status":"closed","ping_status":"closed","template":"","meta":{"colormag_page_layout":"no_sidebar_full_width","_monsterinsights_skip_tracking":false,"_monsterinsights_sitenote_active":false,"_monsterinsights_sitenote_note":"","_monsterinsights_sitenote_category":0,"footnotes":""},"class_list":["post-36","page","type-page","status-publish","hentry"],"aioseo_notices":[],"_links":{"self":[{"href":"https:\/\/www.classelocacao.com.br\/loja\/wp-json\/wp\/v2\/pages\/36","targetHints":{"allow":["GET"]}}],"collection":[{"href":"https:\/\/www.classelocacao.com.br\/loja\/wp-json\/wp\/v2\/pages"}],"about":[{"href":"https:\/\/www.classelocacao.com.br\/loja\/wp-json\/wp\/v2\/types\/page"}],"author":[{"embeddable":true,"href":"https:\/\/www.classelocacao.com.br\/loja\/wp-json\/wp\/v2\/users\/1"}],"replies":[{"embeddable":true,"href":"https:\/\/www.classelocacao.com.br\/loja\/wp-json\/wp\/v2\/comments?post=36"}],"version-history":[{"count":2,"href":"https:\/\/www.classelocacao.com.br\/loja\/wp-json\/wp\/v2\/pages\/36\/revisions"}],"predecessor-version":[{"id":1304,"href":"https:\/\/www.classelocacao.com.br\/loja\/wp-json\/wp\/v2\/pages\/36\/revisions\/1304"}],"wp:attachment":[{"href":"https:\/\/www.classelocacao.com.br\/loja\/wp-json\/wp\/v2\/media?parent=36"}],"curies":[{"name":"wp","href":"https:\/\/api.w.org\/{rel}","templated":true}]}}