{"id":1559,"date":"2023-06-29T17:26:22","date_gmt":"2023-06-29T20:26:22","guid":{"rendered":"https:\/\/www.classelocacao.com.br\/?post_type=product&#038;p=1559"},"modified":"2023-06-29T17:26:22","modified_gmt":"2023-06-29T20:26:22","slug":"almofada-80-x-80-bege","status":"publish","type":"product","link":"https:\/\/www.classelocacao.com.br\/loja\/produto\/almofada-80-x-80-bege\/","title":{"rendered":"Almofada 80 x 80 Bege"},"content":{"rendered":"","protected":false},"excerpt":{"rendered":"<p>ALTURA: 80 cm<br \/>\nCOMPRIMENTO: 80cm<\/p>\n<p>PRODUTO: Antial\u00e9rgico, at\u00f3xico e lav\u00e1vel.<\/p>\n<p>CAPA: Vem com z\u00edper<\/p>\n<p>FORRO: Em TNT COM Z\u00cdPER &#8211; NOVIDADE!!!<\/p>\n<p>ENCHIMENTO: Fibra siliconada de alta qualidade &#8211; N\u00c3O \u00e9 flocos de espuma!<\/p>\n<p>**TECIDO LISO BEGE: Oxford<\/p>\n","protected":false},"featured_media":1560,"comment_status":"open","ping_status":"closed","template":"","meta":{"colormag_page_layout":"default_layout","_monsterinsights_skip_tracking":false,"_monsterinsights_sitenote_active":false,"_monsterinsights_sitenote_note":"","_monsterinsights_sitenote_category":0},"product_brand":[],"product_cat":[42],"product_tag":[],"class_list":{"0":"post-1559","1":"product","2":"type-product","3":"status-publish","4":"has-post-thumbnail","6":"product_cat-diversos","8":"first","9":"instock","10":"shipping-taxable","11":"product-type-simple"},"aioseo_notices":[],"_links":{"self":[{"href":"https:\/\/www.classelocacao.com.br\/loja\/wp-json\/wp\/v2\/product\/1559","targetHints":{"allow":["GET"]}}],"collection":[{"href":"https:\/\/www.classelocacao.com.br\/loja\/wp-json\/wp\/v2\/product"}],"about":[{"href":"https:\/\/www.classelocacao.com.br\/loja\/wp-json\/wp\/v2\/types\/product"}],"replies":[{"embeddable":true,"href":"https:\/\/www.classelocacao.com.br\/loja\/wp-json\/wp\/v2\/comments?post=1559"}],"wp:featuredmedia":[{"embeddable":true,"href":"https:\/\/www.classelocacao.com.br\/loja\/wp-json\/wp\/v2\/media\/1560"}],"wp:attachment":[{"href":"https:\/\/www.classelocacao.com.br\/loja\/wp-json\/wp\/v2\/media?parent=1559"}],"wp:term":[{"taxonomy":"product_brand","embeddable":true,"href":"https:\/\/www.classelocacao.com.br\/loja\/wp-json\/wp\/v2\/product_brand?post=1559"},{"taxonomy":"product_cat","embeddable":true,"href":"https:\/\/www.classelocacao.com.br\/loja\/wp-json\/wp\/v2\/product_cat?post=1559"},{"taxonomy":"product_tag","embeddable":true,"href":"https:\/\/www.classelocacao.com.br\/loja\/wp-json\/wp\/v2\/product_tag?post=1559"}],"curies":[{"name":"wp","href":"https:\/\/api.w.org\/{rel}","templated":true}]}}