{"id":1690,"date":"2024-01-23T15:30:20","date_gmt":"2024-01-23T18:30:20","guid":{"rendered":"https:\/\/www.classelocacao.com.br\/?post_type=product&#038;p=1690"},"modified":"2024-01-23T15:30:20","modified_gmt":"2024-01-23T18:30:20","slug":"ar-cond-continental-portatil-12000-btus-220v-60hz","status":"publish","type":"product","link":"https:\/\/www.classelocacao.com.br\/loja\/produto\/ar-cond-continental-portatil-12000-btus-220v-60hz\/","title":{"rendered":"Ar Cond. Continental Port\u00e1til 12000 BTUS &#8211; 220V\/60HZ"},"content":{"rendered":"","protected":false},"excerpt":{"rendered":"<table class=\"table table-details table-hover table-striped\">\n<thead>\n<tr>\n<th>INFORMA\u00c7\u00d5ES B\u00c1SICAS<\/th>\n<\/tr>\n<\/thead>\n<tbody>\n<tr>\n<td>Marca<\/td>\n<td>Continental<\/td>\n<\/tr>\n<tr>\n<td>Voltagem<\/td>\n<td>220V<\/td>\n<\/tr>\n<tr>\n<td>Frequ\u00eancia de Opera\u00e7\u00e3o<\/td>\n<td>60 Hz<\/td>\n<\/tr>\n<tr>\n<td>Fun\u00e7\u00e3o<\/td>\n<td>Frio<\/td>\n<\/tr>\n<tr>\n<td>Capacidade T\u00e9rmica<\/td>\n<td>12000 BTU<\/td>\n<\/tr>\n<tr>\n<td>Tecnologia<\/td>\n<td>Convencional<\/td>\n<\/tr>\n<\/tbody>\n<\/table>\n","protected":false},"featured_media":1691,"comment_status":"open","ping_status":"closed","template":"","meta":{"colormag_page_layout":"default_layout","_monsterinsights_skip_tracking":false,"_monsterinsights_sitenote_active":false,"_monsterinsights_sitenote_note":"","_monsterinsights_sitenote_category":0},"product_brand":[],"product_cat":[118],"product_tag":[],"class_list":{"0":"post-1690","1":"product","2":"type-product","3":"status-publish","4":"has-post-thumbnail","6":"product_cat-eletrodomesticos","8":"first","9":"instock","10":"shipping-taxable","11":"product-type-simple"},"aioseo_notices":[],"_links":{"self":[{"href":"https:\/\/www.classelocacao.com.br\/loja\/wp-json\/wp\/v2\/product\/1690","targetHints":{"allow":["GET"]}}],"collection":[{"href":"https:\/\/www.classelocacao.com.br\/loja\/wp-json\/wp\/v2\/product"}],"about":[{"href":"https:\/\/www.classelocacao.com.br\/loja\/wp-json\/wp\/v2\/types\/product"}],"replies":[{"embeddable":true,"href":"https:\/\/www.classelocacao.com.br\/loja\/wp-json\/wp\/v2\/comments?post=1690"}],"wp:featuredmedia":[{"embeddable":true,"href":"https:\/\/www.classelocacao.com.br\/loja\/wp-json\/wp\/v2\/media\/1691"}],"wp:attachment":[{"href":"https:\/\/www.classelocacao.com.br\/loja\/wp-json\/wp\/v2\/media?parent=1690"}],"wp:term":[{"taxonomy":"product_brand","embeddable":true,"href":"https:\/\/www.classelocacao.com.br\/loja\/wp-json\/wp\/v2\/product_brand?post=1690"},{"taxonomy":"product_cat","embeddable":true,"href":"https:\/\/www.classelocacao.com.br\/loja\/wp-json\/wp\/v2\/product_cat?post=1690"},{"taxonomy":"product_tag","embeddable":true,"href":"https:\/\/www.classelocacao.com.br\/loja\/wp-json\/wp\/v2\/product_tag?post=1690"}],"curies":[{"name":"wp","href":"https:\/\/api.w.org\/{rel}","templated":true}]}}